{"id":472,"date":"2024-01-27T18:55:41","date_gmt":"2024-01-27T17:55:41","guid":{"rendered":"https:\/\/5mpaha7pghakv7gbtiq84n89hs.ingress.europlots.com\/?page_id=472"},"modified":"2026-02-06T07:03:06","modified_gmt":"2026-02-06T06:03:06","slug":"das-ensemble-neu","status":"publish","type":"page","link":"https:\/\/ensemble-apollon.ch\/?page_id=472","title":{"rendered":"Das Ensemble"},"content":{"rendered":"\n<p><\/p>\n\n\n\n<div class=\"wp-block-columns is-layout-flex wp-container-core-columns-is-layout-d735db0d wp-block-columns-is-layout-flex\" style=\"padding-top:0;padding-right:0;padding-bottom:0;padding-left:0\">\n<div class=\"wp-block-column is-vertically-aligned-top is-layout-flow wp-block-column-is-layout-flow\" style=\"padding-top:0;padding-right:0;padding-bottom:0;padding-left:0;flex-basis:49%\">\n<div class=\"wp-block-uagb-advanced-heading uagb-block-acff2aa6\"><h2 class=\"uagb-heading-text\">Das Ensemble<\/h2><\/div>\n\n\n\n<div style=\"height:45px\" aria-hidden=\"true\" class=\"wp-block-spacer\"><\/div>\n\n\n\n<p>Das Ensemble Apollon hat sich Ende 2017 unter der musikalischen Leitung von Raphael Holenstein formiert, um sich schwerpunktm\u00e4ssig der geistlichen Vokalmusik zu verschreiben. Es besteht aus erfahrenen Ensemble- und Solos\u00e4nger, deren Stimmen sich beim gemeinsamen Singen perfekt erg\u00e4nzen und einen beeindruckenden Chorklang bilden. Das Ensemble Apollon gestaltet insbesondere in der Ostschweiz ausgew\u00e4hlte Gottesdienste und Konzerte, wobei das Repertoire von achtstimmigen a cappella Werken bis zu grossen Orchestermessen reicht. Das Ensemble tritt \u2013 je nach gesungenen Werken \u2013 in unterschiedlichen Zusammensetzungen auf. <\/p>\n\n\n\n<p><\/p>\n\n\n\n<p><\/p>\n\n\n\n<p><\/p>\n<\/div>\n\n\n\n<div class=\"wp-block-column is-layout-flow wp-block-column-is-layout-flow\" style=\"flex-basis:2%\"><\/div>\n\n\n\n<div class=\"wp-block-column is-layout-flow wp-block-column-is-layout-flow\" style=\"padding-right:0;padding-left:0;flex-basis:49%\">\n<div class=\"wp-block-uagb-image uagb-block-5950ce1a wp-block-uagb-image--layout-default wp-block-uagb-image--effect-static wp-block-uagb-image--align-none\"><figure class=\"wp-block-uagb-image__figure\"><img decoding=\"async\" srcset=\"https:\/\/ensemble-apollon.ch\/wp-content\/uploads\/2024\/06\/EnsembleApollon_02_hoch_klein-683x1024.jpg ,https:\/\/ensemble-apollon.ch\/wp-content\/uploads\/2024\/06\/EnsembleApollon_02_hoch_klein.jpg 780w, https:\/\/ensemble-apollon.ch\/wp-content\/uploads\/2024\/06\/EnsembleApollon_02_hoch_klein.jpg 360w\" sizes=\"auto, (max-width: 480px) 150px\" src=\"https:\/\/ensemble-apollon.ch\/wp-content\/uploads\/2024\/06\/EnsembleApollon_02_hoch_klein-683x1024.jpg\" alt=\"\" class=\"uag-image-709\" width=\"683\" height=\"1024\" title=\"\" loading=\"lazy\" role=\"img\"\/><\/figure><\/div>\n<\/div>\n<\/div>\n\n\n\n<div style=\"height:40px\" aria-hidden=\"true\" class=\"wp-block-spacer\"><\/div>\n","protected":false},"excerpt":{"rendered":"<p>Das Ensemble Das Ensemble Apollon hat sich Ende 2017 unter der musikalischen Leitung von Raphael Holenstein formiert, um sich schwerpunktm\u00e4ssig der geistlichen Vokalmusik zu verschreiben. Es besteht aus erfahrenen Ensemble- und Solos\u00e4nger, deren Stimmen sich beim gemeinsamen Singen perfekt erg\u00e4nzen und einen beeindruckenden Chorklang bilden. Das Ensemble Apollon gestaltet insbesondere in der Ostschweiz ausgew\u00e4hlte Gottesdienste&hellip;&nbsp;<a href=\"https:\/\/ensemble-apollon.ch\/?page_id=472\" rel=\"bookmark\">Weiterlesen &raquo;<span class=\"screen-reader-text\">Das Ensemble<\/span><\/a><\/p>\n","protected":false},"author":1,"featured_media":0,"parent":0,"menu_order":0,"comment_status":"closed","ping_status":"closed","template":"","meta":{"_uag_custom_page_level_css":"","neve_meta_sidebar":"default","neve_meta_container":"default","neve_meta_enable_content_width":"on","neve_meta_content_width":100,"neve_meta_title_alignment":"","neve_meta_author_avatar":"","neve_post_elements_order":"","neve_meta_disable_header":"","neve_meta_disable_footer":"","neve_meta_disable_title":"on","_themeisle_gutenberg_block_has_review":false,"footnotes":""},"class_list":["post-472","page","type-page","status-publish","hentry"],"featured_image_src":null,"uagb_featured_image_src":{"full":false,"thumbnail":false,"medium":false,"medium_large":false,"large":false,"1536x1536":false,"2048x2048":false,"neve-blog":false},"uagb_author_info":{"display_name":"apollon","author_link":"https:\/\/ensemble-apollon.ch\/?author=1"},"uagb_comment_info":0,"uagb_excerpt":"Das Ensemble Das Ensemble Apollon hat sich Ende 2017 unter der musikalischen Leitung von Raphael Holenstein formiert, um sich schwerpunktm\u00e4ssig der geistlichen Vokalmusik zu verschreiben. Es besteht aus erfahrenen Ensemble- und Solos\u00e4nger, deren Stimmen sich beim gemeinsamen Singen perfekt erg\u00e4nzen und einen beeindruckenden Chorklang bilden. Das Ensemble Apollon gestaltet insbesondere in der Ostschweiz ausgew\u00e4hlte Gottesdienste&hellip;&nbsp;Weiterlesen&hellip;","_links":{"self":[{"href":"https:\/\/ensemble-apollon.ch\/index.php?rest_route=\/wp\/v2\/pages\/472","targetHints":{"allow":["GET"]}}],"collection":[{"href":"https:\/\/ensemble-apollon.ch\/index.php?rest_route=\/wp\/v2\/pages"}],"about":[{"href":"https:\/\/ensemble-apollon.ch\/index.php?rest_route=\/wp\/v2\/types\/page"}],"author":[{"embeddable":true,"href":"https:\/\/ensemble-apollon.ch\/index.php?rest_route=\/wp\/v2\/users\/1"}],"replies":[{"embeddable":true,"href":"https:\/\/ensemble-apollon.ch\/index.php?rest_route=%2Fwp%2Fv2%2Fcomments&post=472"}],"version-history":[{"count":22,"href":"https:\/\/ensemble-apollon.ch\/index.php?rest_route=\/wp\/v2\/pages\/472\/revisions"}],"predecessor-version":[{"id":758,"href":"https:\/\/ensemble-apollon.ch\/index.php?rest_route=\/wp\/v2\/pages\/472\/revisions\/758"}],"wp:attachment":[{"href":"https:\/\/ensemble-apollon.ch\/index.php?rest_route=%2Fwp%2Fv2%2Fmedia&parent=472"}],"curies":[{"name":"wp","href":"https:\/\/api.w.org\/{rel}","templated":true}]}}