{"id":309,"date":"2020-01-13T11:17:52","date_gmt":"2020-01-13T11:17:52","guid":{"rendered":"https:\/\/demosites.io\/web-agency-gb\/?page_id=5"},"modified":"2026-02-01T18:38:13","modified_gmt":"2026-02-01T17:38:13","slug":"15c42-web-agency-gb-home","status":"publish","type":"page","link":"https:\/\/ensemble-apollon.ch\/","title":{"rendered":"Home"},"content":{"rendered":"\n<div class=\"wp-block-cover alignfull is-light\" style=\"min-height:492px;aspect-ratio:unset;\"><img loading=\"lazy\" decoding=\"async\" width=\"1920\" height=\"1281\" class=\"wp-block-cover__image-background wp-image-580\" alt=\"\" src=\"https:\/\/ensemble-apollon.ch\/wp-content\/uploads\/2024\/06\/EnsembleApollon_01_quer.webp\" style=\"object-position:50% 50%\" data-object-fit=\"cover\" data-object-position=\"50% 50%\" srcset=\"https:\/\/ensemble-apollon.ch\/wp-content\/uploads\/2024\/06\/EnsembleApollon_01_quer.webp 1920w, https:\/\/ensemble-apollon.ch\/wp-content\/uploads\/2024\/06\/EnsembleApollon_01_quer-300x200.webp 300w, https:\/\/ensemble-apollon.ch\/wp-content\/uploads\/2024\/06\/EnsembleApollon_01_quer-1024x683.webp 1024w, https:\/\/ensemble-apollon.ch\/wp-content\/uploads\/2024\/06\/EnsembleApollon_01_quer-768x512.webp 768w, https:\/\/ensemble-apollon.ch\/wp-content\/uploads\/2024\/06\/EnsembleApollon_01_quer-1536x1025.webp 1536w, https:\/\/ensemble-apollon.ch\/wp-content\/uploads\/2024\/06\/EnsembleApollon_01_quer-930x620.webp 930w\" sizes=\"auto, (max-width: 1920px) 100vw, 1920px\" \/><span aria-hidden=\"true\" class=\"wp-block-cover__background has-background-dim-0 has-background-dim\" style=\"background-color:#9b9897\"><\/span><div class=\"wp-block-cover__inner-container is-layout-flow wp-block-cover-is-layout-flow\">\n<div style=\"height:80px\" aria-hidden=\"true\" class=\"wp-block-spacer\"><\/div>\n<\/div><\/div>\n\n\n\n<div class=\"wp-block-cover alignfull\" style=\"min-height:220px;aspect-ratio:unset;\"><span aria-hidden=\"true\" class=\"wp-block-cover__background has-nv-site-bg-background-color has-background-dim-100 has-background-dim\"><\/span><div class=\"wp-block-cover__inner-container is-layout-flow wp-block-cover-is-layout-flow\">\n<h3 class=\"wp-block-heading has-nv-dark-bg-color has-text-color has-link-color wp-elements-05e0c5564c41a7b8abaf906f6270d1ca\">N\u00e4chste Auff\u00fchrung: Be still, my soul (8. M\u00e4rz 2026, 17:00 Uhr)<\/h3>\n\n\n\n<p class=\"has-nv-dark-bg-color has-text-color has-link-color wp-elements-38a66a005c6713e5b83ffa6e8274bdaa\">A cappella Werke von Parry, Rechsteiner, Bruckner, Runestad, Taverner, Paulus, Matheson, Forrest<\/p>\n<\/div><\/div>\n\n\n\n<p><\/p>\n","protected":false},"excerpt":{"rendered":"","protected":false},"author":1,"featured_media":0,"parent":0,"menu_order":0,"comment_status":"closed","ping_status":"closed","template":"","meta":{"_uag_custom_page_level_css":"","neve_meta_sidebar":"default","neve_meta_container":"default","neve_meta_enable_content_width":"on","neve_meta_content_width":100,"neve_meta_title_alignment":"","neve_meta_author_avatar":"","neve_post_elements_order":"","neve_meta_disable_header":"","neve_meta_disable_footer":"","neve_meta_disable_title":"on","_themeisle_gutenberg_block_has_review":false,"footnotes":""},"class_list":["post-309","page","type-page","status-publish","hentry"],"featured_image_src":null,"uagb_featured_image_src":{"full":false,"thumbnail":false,"medium":false,"medium_large":false,"large":false,"1536x1536":false,"2048x2048":false,"neve-blog":false},"uagb_author_info":{"display_name":"apollon","author_link":"https:\/\/ensemble-apollon.ch\/?author=1"},"uagb_comment_info":0,"uagb_excerpt":null,"_links":{"self":[{"href":"https:\/\/ensemble-apollon.ch\/index.php?rest_route=\/wp\/v2\/pages\/309","targetHints":{"allow":["GET"]}}],"collection":[{"href":"https:\/\/ensemble-apollon.ch\/index.php?rest_route=\/wp\/v2\/pages"}],"about":[{"href":"https:\/\/ensemble-apollon.ch\/index.php?rest_route=\/wp\/v2\/types\/page"}],"author":[{"embeddable":true,"href":"https:\/\/ensemble-apollon.ch\/index.php?rest_route=\/wp\/v2\/users\/1"}],"replies":[{"embeddable":true,"href":"https:\/\/ensemble-apollon.ch\/index.php?rest_route=%2Fwp%2Fv2%2Fcomments&post=309"}],"version-history":[{"count":72,"href":"https:\/\/ensemble-apollon.ch\/index.php?rest_route=\/wp\/v2\/pages\/309\/revisions"}],"predecessor-version":[{"id":757,"href":"https:\/\/ensemble-apollon.ch\/index.php?rest_route=\/wp\/v2\/pages\/309\/revisions\/757"}],"wp:attachment":[{"href":"https:\/\/ensemble-apollon.ch\/index.php?rest_route=%2Fwp%2Fv2%2Fmedia&parent=309"}],"curies":[{"name":"wp","href":"https:\/\/api.w.org\/{rel}","templated":true}]}}